{"id":776,"date":"2020-05-11T21:31:34","date_gmt":"2020-05-11T19:31:34","guid":{"rendered":"https:\/\/paulthomas.de\/?page_id=776"},"modified":"2020-05-11T21:55:20","modified_gmt":"2020-05-11T19:55:20","slug":"agbs","status":"publish","type":"page","link":"https:\/\/www.cb-hundetraining.at\/?page_id=776","title":{"rendered":"AGB&#8217;s"},"content":{"rendered":"\t\t<div data-elementor-type=\"wp-page\" data-elementor-id=\"776\" class=\"elementor elementor-776\" data-elementor-settings=\"[]\">\n\t\t\t\t\t\t<div class=\"elementor-inner\">\n\t\t\t\t\t\t\t<div class=\"elementor-section-wrap\">\n\t\t\t\t\t\t\t<section class=\"elementor-section elementor-top-section elementor-element elementor-element-6e4ef25 elementor-section-boxed elementor-section-height-default elementor-section-height-default\" data-id=\"6e4ef25\" data-element_type=\"section\">\n\t\t\t\t\t\t<div class=\"elementor-container elementor-column-gap-default\">\n\t\t\t\t\t\t\t<div class=\"elementor-row\">\n\t\t\t\t\t<div class=\"elementor-column elementor-col-100 elementor-top-column elementor-element elementor-element-98c37f9\" data-id=\"98c37f9\" data-element_type=\"column\">\n\t\t\t<div class=\"elementor-column-wrap elementor-element-populated\">\n\t\t\t\t\t\t\t<div class=\"elementor-widget-wrap\">\n\t\t\t\t\t\t<div class=\"elementor-element elementor-element-003aade elementor-widget elementor-widget-text-editor\" data-id=\"003aade\" data-element_type=\"widget\" data-widget_type=\"text-editor.default\">\n\t\t\t\t<div class=\"elementor-widget-container\">\n\t\t\t\t\t\t\t\t<div class=\"elementor-text-editor elementor-clearfix\">\n\t\t\t\t<p style=\"text-align: center;\" align=\"center\"><b style=\"background-color: transparent;\"><u><span style=\"font-size: 22.0pt; line-height: 115%;\">Allgemeine Gesch\u00e4ftsbedingungen<\/span><\/u><\/b><\/p><p style=\"text-align: center;\" align=\"center\"><b><span style=\"font-size: 12.0pt; line-height: 115%;\">CB-Hundetraining wird durch Christian Bruschek, Sonnenburggasse 3 A-5340 St.Gilgen vertreten.<\/span><\/b><\/p><p><b><span style=\"font-size: 12.0pt; line-height: 115%;\">\u00a0<\/span><\/b><\/p><p style=\"text-indent: -18.0pt; mso-list: l0 level1 lfo1;\"><!-- [if !supportLists]--><b><span style=\"font-size: 12.0pt; line-height: 115%; mso-bidi-font-family: Calibri; mso-bidi-theme-font: minor-latin;\">1)<span style=\"font-variant-numeric: normal; font-variant-east-asian: normal; font-weight: normal; font-stretch: normal; font-size: 7pt; line-height: normal; font-family: 'Times New Roman';\">\u00a0\u00a0\u00a0\u00a0\u00a0 <\/span><\/span><\/b><!--[endif]--><b><span style=\"font-size: 12.0pt; line-height: 115%;\">Das Trainingsangebot umfasst Einzelstunden, die sowohl die theoretische als auch praktische Unterweisung des Hundehalters in die Verhaltensweisen der Hunde beinhalten.<\/span><\/b><\/p><p style=\"text-indent: -18.0pt; mso-list: l0 level1 lfo1;\"><!-- [if !supportLists]--><b><span style=\"font-size: 12.0pt; line-height: 115%; mso-bidi-font-family: Calibri; mso-bidi-theme-font: minor-latin;\">2)<span style=\"font-variant-numeric: normal; font-variant-east-asian: normal; font-weight: normal; font-stretch: normal; font-size: 7pt; line-height: normal; font-family: 'Times New Roman';\">\u00a0\u00a0\u00a0\u00a0\u00a0 <\/span><\/span><\/b><!--[endif]--><b><span style=\"font-size: 12.0pt; line-height: 115%;\">Eine Trainingsstunde dauert 60 Minuten, sofern nicht anders vereinbart. Versp\u00e4tungen des Kunden gehen zu dessen Lasten und berechtigen nicht zur Minderung der Verg\u00fctung.<\/span><\/b><\/p><p style=\"text-indent: -18.0pt; mso-list: l0 level1 lfo1;\"><!-- [if !supportLists]--><b><span style=\"font-size: 12.0pt; line-height: 115%; mso-bidi-font-family: Calibri; mso-bidi-theme-font: minor-latin;\">3)<span style=\"font-variant-numeric: normal; font-variant-east-asian: normal; font-weight: normal; font-stretch: normal; font-size: 7pt; line-height: normal; font-family: 'Times New Roman';\">\u00a0\u00a0\u00a0\u00a0\u00a0 <\/span><\/span><\/b><!--[endif]--><b><span style=\"font-size: 12.0pt; line-height: 115%;\">Das Training erfolgt beim Hundehalter vor Ort oder an anderen zuvor vereinbarten Orten.<\/span><\/b><\/p><p style=\"text-indent: -18.0pt; mso-list: l0 level1 lfo1;\"><!-- [if !supportLists]--><b><span style=\"font-size: 12.0pt; line-height: 115%; mso-bidi-font-family: Calibri; mso-bidi-theme-font: minor-latin;\">4)<span style=\"font-variant-numeric: normal; font-variant-east-asian: normal; font-weight: normal; font-stretch: normal; font-size: 7pt; line-height: normal; font-family: 'Times New Roman';\">\u00a0\u00a0\u00a0\u00a0\u00a0 <\/span><\/span><\/b><!--[endif]--><b><span style=\"font-size: 12.0pt; line-height: 115%;\">Es gelten die jeweils zum Zeitpunkt der Leistungserbringung g\u00fcltigen Preise. Die aktuellen Preise und Angebote sehen Sie auf meiner Internetseite.<\/span><\/b><\/p><p style=\"text-indent: -18.0pt; mso-list: l0 level1 lfo1;\"><!-- [if !supportLists]--><b><span style=\"font-size: 12.0pt; line-height: 115%; mso-bidi-font-family: Calibri; mso-bidi-theme-font: minor-latin;\">5)<span style=\"font-variant-numeric: normal; font-variant-east-asian: normal; font-weight: normal; font-stretch: normal; font-size: 7pt; line-height: normal; font-family: 'Times New Roman';\">\u00a0\u00a0\u00a0\u00a0\u00a0 <\/span><\/span><\/b><!--[endif]--><b><span style=\"font-size: 12.0pt; line-height: 115%;\">Das Honorar f\u00fcr Einzelstunden ist vor Beginn des Trainings zu entrichten.<\/span><\/b><\/p><p style=\"text-indent: -18.0pt; mso-list: l0 level1 lfo1;\"><!-- [if !supportLists]--><b><span style=\"font-size: 12.0pt; line-height: 115%; mso-bidi-font-family: Calibri; mso-bidi-theme-font: minor-latin;\">6)<span style=\"font-variant-numeric: normal; font-variant-east-asian: normal; font-weight: normal; font-stretch: normal; font-size: 7pt; line-height: normal; font-family: 'Times New Roman';\">\u00a0\u00a0\u00a0\u00a0\u00a0 <\/span><\/span><\/b><!--[endif]--><b><span style=\"font-size: 12.0pt; line-height: 115%;\">Die Geb\u00fchr f\u00fcr Trainingsblocks ist bis sp\u00e4testens zwei Wochen nach Austelldatum der Rechnung zu bezahlen.<\/span><\/b><\/p><p style=\"text-indent: -18.0pt; mso-list: l0 level1 lfo1;\"><!-- [if !supportLists]--><b><span style=\"font-size: 12.0pt; line-height: 115%; mso-bidi-font-family: Calibri; mso-bidi-theme-font: minor-latin;\">7)<span style=\"font-variant-numeric: normal; font-variant-east-asian: normal; font-weight: normal; font-stretch: normal; font-size: 7pt; line-height: normal; font-family: 'Times New Roman';\">\u00a0\u00a0\u00a0\u00a0\u00a0 <\/span><\/span><\/b><!--[endif]--><b><span style=\"font-size: 12.0pt; line-height: 115%;\">Fahrtkosten werden ab einer Entfernung von 30km mit 0,30 Euro pro gefahrenen km berechnet.<\/span><\/b><\/p><p style=\"text-indent: -18.0pt; mso-list: l0 level1 lfo1;\"><!-- [if !supportLists]--><b><span style=\"font-size: 12.0pt; line-height: 115%; mso-bidi-font-family: Calibri; mso-bidi-theme-font: minor-latin;\">8)<span style=\"font-variant-numeric: normal; font-variant-east-asian: normal; font-weight: normal; font-stretch: normal; font-size: 7pt; line-height: normal; font-family: 'Times New Roman';\">\u00a0\u00a0\u00a0\u00a0\u00a0 <\/span><\/span><\/b><!--[endif]--><b><span style=\"font-size: 12.0pt; line-height: 115%;\">Beratung und Erstgespr\u00e4che vor Ort werden bei Nichtzustandekommen von Trainingseinheiten in Rechnung gestellt.<\/span><\/b><\/p><p style=\"text-indent: -18.0pt; mso-list: l0 level1 lfo1;\"><!-- [if !supportLists]--><b><span style=\"font-size: 12.0pt; line-height: 115%; mso-bidi-font-family: Calibri; mso-bidi-theme-font: minor-latin;\">9)<span style=\"font-variant-numeric: normal; font-variant-east-asian: normal; font-weight: normal; font-stretch: normal; font-size: 7pt; line-height: normal; font-family: 'Times New Roman';\">\u00a0\u00a0\u00a0\u00a0\u00a0 <\/span><\/span><\/b><!--[endif]--><b><span style=\"font-size: 12.0pt; line-height: 115%;\">Kann ein vereinbarter Termin nicht eingehalten werden, ist dies mindestens\u00a0 3 Stunden vor dem eigentlichen Termin mitzuteilen.\u00a0 Ansonsten wird der Termin in Rechnung gestellt.<\/span><\/b><\/p><p style=\"text-indent: -18.0pt; mso-list: l0 level1 lfo1;\"><!-- [if !supportLists]--><b><span style=\"font-size: 12.0pt; line-height: 115%; mso-bidi-font-family: Calibri; mso-bidi-theme-font: minor-latin;\">10)<span style=\"font-variant-numeric: normal; font-variant-east-asian: normal; font-weight: normal; font-stretch: normal; font-size: 7pt; line-height: normal; font-family: 'Times New Roman';\">\u00a0 <\/span><\/span><\/b><!--[endif]--><b><span style=\"font-size: 12.0pt; line-height: 115%;\">Seitens des Kunden nicht eingel\u00f6ste Stunden aus Trainingsblocks k\u00f6nnen nicht r\u00fcckerstattet werden.<\/span><\/b><\/p><p style=\"text-indent: -18.0pt; mso-list: l0 level1 lfo1;\"><!-- [if !supportLists]--><b><span style=\"font-size: 12.0pt; line-height: 115%; mso-bidi-font-family: Calibri; mso-bidi-theme-font: minor-latin;\">11)<span style=\"font-variant-numeric: normal; font-variant-east-asian: normal; font-weight: normal; font-stretch: normal; font-size: 7pt; line-height: normal; font-family: 'Times New Roman';\">\u00a0 <\/span><\/span><\/b><!--[endif]--><b><span style=\"font-size: 12.0pt; line-height: 115%;\">Es k\u00f6nnen nur Hunde am Training teilnehmen, die einen g\u00fcltigen Impfpass und vollen Impfschutz besitzen.<\/span><\/b><\/p><p style=\"text-indent: -18.0pt; mso-list: l0 level1 lfo1;\"><!-- [if !supportLists]--><b><span style=\"font-size: 12.0pt; line-height: 115%; mso-bidi-font-family: Calibri; mso-bidi-theme-font: minor-latin;\">12)<span style=\"font-variant-numeric: normal; font-variant-east-asian: normal; font-weight: normal; font-stretch: normal; font-size: 7pt; line-height: normal; font-family: 'Times New Roman';\">\u00a0 <\/span><\/span><\/b><!--[endif]--><b><span style=\"font-size: 12.0pt; line-height: 115%;\">Der Kunde versichert, dass sein Hund keine ansteckenden Erkrankungen oder sonstigen ansteckenden Befall hat.<\/span><\/b><\/p><p style=\"text-indent: -18.0pt; mso-list: l0 level1 lfo1;\"><!-- [if !supportLists]--><b><span style=\"font-size: 12.0pt; line-height: 115%; mso-bidi-font-family: Calibri; mso-bidi-theme-font: minor-latin;\">13)<span style=\"font-variant-numeric: normal; font-variant-east-asian: normal; font-weight: normal; font-stretch: normal; font-size: 7pt; line-height: normal; font-family: 'Times New Roman';\">\u00a0 <\/span><\/span><\/b><!--[endif]--><b><span style=\"font-size: 12.0pt; line-height: 115%;\">Chronische Erkrankungen sind dem Trainer bei Trainingsbeginn mitzuteilen. Der Kunde ist verpflichtet, den Trainer \u00fcber Verhaltensauff\u00e4lligkeiten, Aggressivit\u00e4t, \u00c4ngstlichkeit oder L\u00e4ufigkeit seines Hundes vor Aufnahme des ersten Trainings zu informieren.<\/span><\/b><\/p><p style=\"text-indent: -18.0pt; mso-list: l0 level1 lfo1;\"><!-- [if !supportLists]--><b><span style=\"font-size: 12.0pt; line-height: 115%; mso-bidi-font-family: Calibri; mso-bidi-theme-font: minor-latin;\">14)<span style=\"font-variant-numeric: normal; font-variant-east-asian: normal; font-weight: normal; font-stretch: normal; font-size: 7pt; line-height: normal; font-family: 'Times New Roman';\">\u00a0 <\/span><\/span><\/b><!--[endif]--><b><span style=\"font-size: 12.0pt; line-height: 115%;\">Der Kunde versichert, dass sein Hund geimpft, beh\u00f6rdlich angemeldet und ausreichend durch eine Hundehaftpflichtversicherung versichert ist. Der Hundebesitzer haftet zu 100% f\u00fcr alle Sch\u00e4den, die durch ihn oder seinen Hund verursacht wurden.<\/span><\/b><\/p><p style=\"text-indent: -18.0pt; mso-list: l0 level1 lfo1;\"><!-- [if !supportLists]--><b><span style=\"font-size: 12.0pt; line-height: 115%; mso-bidi-font-family: Calibri; mso-bidi-theme-font: minor-latin;\">15)<span style=\"font-variant-numeric: normal; font-variant-east-asian: normal; font-weight: normal; font-stretch: normal; font-size: 7pt; line-height: normal; font-family: 'Times New Roman';\">\u00a0 <\/span><\/span><\/b><!--[endif]--><b><span style=\"font-size: 12.0pt; line-height: 115%;\">Eine Haftung von CB-Hundetraining, sowie des Trainers oder deren Erf\u00fcllungsgehilfen, f\u00fcr K\u00f6rper, Sach oder Verm\u00f6genssch\u00e4den die durch den Hund oder Hundebesitzer entstehen wird ausgeschlossen. Nur der Hundebesitzer alleine ist f\u00fcr die Sch\u00e4den verantwortlich, die durch ihn oder seinen Hund verursacht wurden.<\/span><\/b><\/p><p style=\"text-indent: -18.0pt; mso-list: l0 level1 lfo1;\"><!-- [if !supportLists]--><b><span style=\"font-size: 12.0pt; line-height: 115%; mso-bidi-font-family: Calibri; mso-bidi-theme-font: minor-latin;\">16)<span style=\"font-variant-numeric: normal; font-variant-east-asian: normal; font-weight: normal; font-stretch: normal; font-size: 7pt; line-height: normal; font-family: 'Times New Roman';\">\u00a0 <\/span><\/span><\/b><!--[endif]--><b><span style=\"font-size: 12.0pt; line-height: 115%;\">Soweit der Kunde durch den Trainer aufgefordert wird, seinen Hund von der Leine zu l\u00f6sen, \u00fcbernimmt der Kunde allein die Verantwortung hierf\u00fcr.<\/span><\/b><\/p><p style=\"text-indent: -18.0pt; mso-list: l0 level1 lfo1;\"><!-- [if !supportLists]--><b><span style=\"font-size: 12.0pt; line-height: 115%; mso-bidi-font-family: Calibri; mso-bidi-theme-font: minor-latin;\">17)<span style=\"font-variant-numeric: normal; font-variant-east-asian: normal; font-weight: normal; font-stretch: normal; font-size: 7pt; line-height: normal; font-family: 'Times New Roman';\">\u00a0 <\/span><\/span><\/b><!--[endif]--><b><span style=\"font-size: 12.0pt; line-height: 115%;\">CB-Hundetraining \u00fcbernimmt keine Garantie f\u00fcr das Erreichen des Ausbildungszieles, da das Training, bzw. der Trainingserfolg sehr vom Hundebesitzer abh\u00e4ngig ist, da er nur bei konsequenter Umsetzung auch au\u00dferhalb des Trainings einen Erfolg haben wird. Aber Fakt ist, dass ihr Erfolg auch unser Erfolg ist und deshalb sind wir sehr bem\u00fcht in unserem Training die gew\u00fcnschten Erfolge zu erzielen.<\/span><\/b><\/p><p style=\"text-indent: -18.0pt; mso-list: l0 level1 lfo1;\"><!-- [if !supportLists]--><b><span style=\"font-size: 12.0pt; line-height: 115%; mso-bidi-font-family: Calibri; mso-bidi-theme-font: minor-latin;\">18)<span style=\"font-variant-numeric: normal; font-variant-east-asian: normal; font-weight: normal; font-stretch: normal; font-size: 7pt; line-height: normal; font-family: 'Times New Roman';\">\u00a0 <\/span><\/span><\/b><!--[endif]--><b><span style=\"font-size: 12.0pt; line-height: 115%;\">Das Training wird sich an den jeweiligen Bed\u00fcrfnissen des Kunden und den M\u00f6glichkeiten des Hundes nach seiner Rasse, seinem Alter, seinem Geschlecht und seinen k\u00f6rperlichen Voraussetzungen orientieren.<\/span><\/b><\/p><p style=\"text-indent: -18.0pt; mso-list: l0 level1 lfo1;\"><!-- [if !supportLists]--><b><span style=\"font-size: 12.0pt; line-height: 115%; mso-bidi-font-family: Calibri; mso-bidi-theme-font: minor-latin;\">19)<span style=\"font-variant-numeric: normal; font-variant-east-asian: normal; font-weight: normal; font-stretch: normal; font-size: 7pt; line-height: normal; font-family: 'Times New Roman';\">\u00a0 <\/span><\/span><\/b><!--[endif]--><b><span style=\"font-size: 12.0pt; line-height: 115%;\">CB-Hundetraining richtet sich in der Ausbildung und beim Training an das Tierschutzgesetz Nov.2017 und verlangt dies auch von teilnehmenden Hundebesitzern. Wir behalten uns das Recht vor, das Training umgehend abzubrechen, wenn der Kunde grob fahrl\u00e4ssig handelt oder den Hund ungerecht behandelt. Eine R\u00fcckerstattung der Geb\u00fchren ist in diesem Fall nicht m\u00f6glich.<\/span><\/b><\/p><p style=\"text-indent: -18.0pt; mso-list: l0 level1 lfo1;\"><!-- [if !supportLists]--><b><span style=\"font-size: 12.0pt; line-height: 115%; mso-bidi-font-family: Calibri; mso-bidi-theme-font: minor-latin;\">20)<span style=\"font-variant-numeric: normal; font-variant-east-asian: normal; font-weight: normal; font-stretch: normal; font-size: 7pt; line-height: normal; font-family: 'Times New Roman';\">\u00a0 <\/span><\/span><\/b><!--[endif]--><b><span style=\"font-size: 12.0pt; line-height: 115%;\">Trainingsunterlagen, die von CB-Hundetraining ausgeh\u00e4ndigt werden, sind urheberrechtlich gesch\u00fctzt und d\u00fcrfen ohne schriftliche Genehmigung nicht vervielf\u00e4ltigt oder verbreitet werden. Bei Zuwiderhandlung beh\u00e4lt sich CB-Hundetraining rechtliche Schritte vor.<\/span><\/b><\/p><p style=\"text-indent: -18.0pt; mso-list: l0 level1 lfo1;\"><!-- [if !supportLists]--><b><span style=\"font-size: 12.0pt; line-height: 115%; mso-bidi-font-family: Calibri; mso-bidi-theme-font: minor-latin;\">21)<span style=\"font-variant-numeric: normal; font-variant-east-asian: normal; font-weight: normal; font-stretch: normal; font-size: 7pt; line-height: normal; font-family: 'Times New Roman';\">\u00a0 <\/span><\/span><\/b><!--[endif]--><b><span style=\"font-size: 12.0pt; line-height: 115%;\">Jede Person, die CB-Hundetraining in Anspruch nimmt, erkl\u00e4rt sich damit einverstanden, dass s\u00e4mtliche Foto und Videoaufzeichnungen, die von Hund und Hundef\u00fchrer erstellt werden, auf \u00f6ffentlichen Veranstaltungen gezeigt werden d\u00fcrfen oder auf anderem Wege f\u00fcr Werbezwecke verwendet werden d\u00fcrfen. Ein Wiederruf ist schriftlich bekannt zu geben.<\/span><\/b><\/p><p style=\"text-indent: -18.0pt; mso-list: l0 level1 lfo1;\"><!-- [if !supportLists]--><b><span style=\"font-size: 12.0pt; line-height: 115%; mso-bidi-font-family: Calibri; mso-bidi-theme-font: minor-latin;\">22)<span style=\"font-variant-numeric: normal; font-variant-east-asian: normal; font-weight: normal; font-stretch: normal; font-size: 7pt; line-height: normal; font-family: 'Times New Roman';\">\u00a0 <\/span><\/span><\/b><!--[endif]--><b><span style=\"font-size: 12.0pt; line-height: 115%;\">Der Kunde stimmt der Verwendung der elektronischen Speicherung seiner pers\u00f6nlichen Daten durch CB-Hundetraining zu. CB-Hundetraining ist zur Verwendung und Verarbeitung aller bekannt gegebenen oder sonstigen erhobenen Daten berechtigt. Die Verwendung der erhobenen Daten umfasst die Erhebung, Speicherung und Verarbeitung der Daten, die im Rahmen der Leistungen notwendig sind. Daten werden in keinem Fall an Dritte weitergegeben oder zug\u00e4nglich gemacht.<\/span><\/b><\/p><p style=\"text-indent: -18.0pt; mso-list: l0 level1 lfo1;\"><!-- [if !supportLists]--><b><span style=\"font-size: 12.0pt; line-height: 115%; mso-bidi-font-family: Calibri; mso-bidi-theme-font: minor-latin;\">23)<span style=\"font-variant-numeric: normal; font-variant-east-asian: normal; font-weight: normal; font-stretch: normal; font-size: 7pt; line-height: normal; font-family: 'Times New Roman';\">\u00a0 <\/span><\/span><\/b><!--[endif]--><b><span style=\"font-size: 12.0pt; line-height: 115%;\">Es kommt \u00f6sterreichisches Recht zur Anwendung. Es gilt als Gerichtsstand f\u00fcr alle Streitigkeiten aus einem Vertrag oder im Zusammenhang damit der Sitz von CB-Hundetraining als vereinbart.<\/span><\/b><\/p><p>\u00a0<\/p><p style=\"text-indent: -18.0pt; mso-list: l0 level1 lfo1;\"><!-- [if !supportLists]--><b><span style=\"font-size: 12.0pt; line-height: 115%; mso-bidi-font-family: Calibri; mso-bidi-theme-font: minor-latin;\">24)<span style=\"font-variant-numeric: normal; font-variant-east-asian: normal; font-weight: normal; font-stretch: normal; font-size: 7pt; line-height: normal; font-family: 'Times New Roman';\">\u00a0 <\/span><\/span><\/b><!--[endif]--><b><span style=\"font-size: 12.0pt; line-height: 115%;\">Der Kunde best\u00e4tigt die vorliegenden AGB gelesen, verstanden und akzeptiert zu haben.<\/span><\/b><\/p>\t\t\t\t\t<\/div>\n\t\t\t\t\t\t<\/div>\n\t\t\t\t<\/div>\n\t\t\t\t\t\t<\/div>\n\t\t\t\t\t<\/div>\n\t\t<\/div>\n\t\t\t\t\t\t\t\t<\/div>\n\t\t\t\t\t<\/div>\n\t\t<\/section>\n\t\t\t\t\t\t<\/div>\n\t\t\t\t\t\t<\/div>\n\t\t\t\t\t<\/div>\n\t\t","protected":false},"excerpt":{"rendered":"<p>Allgemeine Gesch\u00e4ftsbedingungen CB-Hundetraining wird durch Christian Bruschek, Sonnenburggasse 3 A-5340 St.Gilgen vertreten. \u00a0 1)\u00a0\u00a0\u00a0\u00a0\u00a0 Das Trainingsangebot umfasst Einzelstunden, die sowohl die theoretische als auch praktische Unterweisung des Hundehalters in die Verhaltensweisen der Hunde beinhalten. 2)\u00a0\u00a0\u00a0\u00a0\u00a0 Eine Trainingsstunde dauert 60 Minuten, sofern nicht anders vereinbart. Versp\u00e4tungen des Kunden gehen zu dessen Lasten und berechtigen nicht zur [&hellip;]<\/p>\n","protected":false},"author":1,"featured_media":0,"parent":0,"menu_order":0,"comment_status":"closed","ping_status":"closed","template":"page-templates\/page_front-page.php","meta":{"_monsterinsights_skip_tracking":false,"_monsterinsights_sitenote_active":false,"_monsterinsights_sitenote_note":"","_monsterinsights_sitenote_category":0},"_links":{"self":[{"href":"https:\/\/www.cb-hundetraining.at\/index.php?rest_route=\/wp\/v2\/pages\/776"}],"collection":[{"href":"https:\/\/www.cb-hundetraining.at\/index.php?rest_route=\/wp\/v2\/pages"}],"about":[{"href":"https:\/\/www.cb-hundetraining.at\/index.php?rest_route=\/wp\/v2\/types\/page"}],"author":[{"embeddable":true,"href":"https:\/\/www.cb-hundetraining.at\/index.php?rest_route=\/wp\/v2\/users\/1"}],"replies":[{"embeddable":true,"href":"https:\/\/www.cb-hundetraining.at\/index.php?rest_route=%2Fwp%2Fv2%2Fcomments&post=776"}],"version-history":[{"count":9,"href":"https:\/\/www.cb-hundetraining.at\/index.php?rest_route=\/wp\/v2\/pages\/776\/revisions"}],"predecessor-version":[{"id":1008,"href":"https:\/\/www.cb-hundetraining.at\/index.php?rest_route=\/wp\/v2\/pages\/776\/revisions\/1008"}],"wp:attachment":[{"href":"https:\/\/www.cb-hundetraining.at\/index.php?rest_route=%2Fwp%2Fv2%2Fmedia&parent=776"}],"curies":[{"name":"wp","href":"https:\/\/api.w.org\/{rel}","templated":true}]}}